{"id":137,"date":"2015-05-25T12:10:51","date_gmt":"2015-05-25T11:10:51","guid":{"rendered":"http:\/\/vantrigt-dewit.nl\/cms\/?page_id=137"},"modified":"2019-11-19T13:22:56","modified_gmt":"2019-11-19T12:22:56","slug":"bedrijfsvloerplaten","status":"publish","type":"page","link":"http:\/\/vantrigt-dewit.nl\/cms\/bedrijfsvloerplaten\/","title":{"rendered":"Bedrijfsvloerplaten"},"content":{"rendered":"<h1>Het vacu\u00fcm leggen<\/h1>\n<p>Het vacu\u00fcm leggen van bedrijfsvloerplaten gebeurt met heftrucks, met daarop ge\u00efntegreerd een vacu\u00fcm installatie. Met behulp van vacu\u00fcm worden deze Stelcon platen met een zuignap opgepakt en in het zandbed gelegd. Tussen de platen worden watervaste afstandhouders geplaatst om onderlinge beschadiging van platen te voorkomen. Het uitwisselen van platen blijft hierdoor ook mogelijk.<\/p>\n<h1>Het leveren van platen<\/h1>\n<p>Van Trigt-De Wit verkoopt bedrijfsvloerplaten. Deze platen zijn zowel nieuw als jong-gebruikt of gebruikt. De platen zijn te verkrijgen in allerlei dikten en afmetingen. Ook kan men kiezen of men platen wil met of zonder stalen hoekrand,\u00a0geborsteld of glad.<\/p>\n<p>Tevens is het mogelijk om diverse kleuren of patronen\u00a0toe te passen.<a href=\"http:\/\/vantrigt-dewit.nl\/cms\/wp-content\/uploads\/2015\/05\/bejo1-e1433176922592.jpg\"><img decoding=\"async\" loading=\"lazy\" class=\"alignleft size-medium wp-image-178\" src=\"http:\/\/vantrigt-dewit.nl\/cms\/wp-content\/uploads\/2015\/05\/bejo1-e1433176922592-225x300.jpg\" alt=\"bejo\" width=\"225\" height=\"300\" srcset=\"http:\/\/vantrigt-dewit.nl\/cms\/wp-content\/uploads\/2015\/05\/bejo1-e1433176922592-225x300.jpg 225w, http:\/\/vantrigt-dewit.nl\/cms\/wp-content\/uploads\/2015\/05\/bejo1-e1433176922592-113x150.jpg 113w, http:\/\/vantrigt-dewit.nl\/cms\/wp-content\/uploads\/2015\/05\/bejo1-e1433176922592.jpg 480w\" sizes=\"(max-width: 225px) 100vw, 225px\" \/><\/a><\/p>\n<p>Dit uiteraard op bestelling, mocht u ge\u00efnteresseerd zijn neem dan contact met ons op.<\/p>\n","protected":false},"excerpt":{"rendered":"<p>Het vacu\u00fcm leggen Het vacu\u00fcm leggen van bedrijfsvloerplaten gebeurt met heftrucks, met daarop ge\u00efntegreerd een vacu\u00fcm installatie. Met behulp van vacu\u00fcm worden deze Stelcon platen met een zuignap opgepakt en in het zandbed gelegd. Tussen de platen worden watervaste afstandhouders geplaatst om onderlinge beschadiging van platen te voorkomen. Het uitwisselen\u2026<\/p>\n<p> <a class=\"continue-reading-link\" href=\"http:\/\/vantrigt-dewit.nl\/cms\/bedrijfsvloerplaten\/\"><span>Lees verder&#8230;..<\/span><i class=\"crycon-right-dir\"><\/i><\/a> <\/p>\n","protected":false},"author":1,"featured_media":0,"parent":0,"menu_order":0,"comment_status":"closed","ping_status":"closed","template":"","meta":[],"_links":{"self":[{"href":"http:\/\/vantrigt-dewit.nl\/cms\/wp-json\/wp\/v2\/pages\/137"}],"collection":[{"href":"http:\/\/vantrigt-dewit.nl\/cms\/wp-json\/wp\/v2\/pages"}],"about":[{"href":"http:\/\/vantrigt-dewit.nl\/cms\/wp-json\/wp\/v2\/types\/page"}],"author":[{"embeddable":true,"href":"http:\/\/vantrigt-dewit.nl\/cms\/wp-json\/wp\/v2\/users\/1"}],"replies":[{"embeddable":true,"href":"http:\/\/vantrigt-dewit.nl\/cms\/wp-json\/wp\/v2\/comments?post=137"}],"version-history":[{"count":7,"href":"http:\/\/vantrigt-dewit.nl\/cms\/wp-json\/wp\/v2\/pages\/137\/revisions"}],"predecessor-version":[{"id":252,"href":"http:\/\/vantrigt-dewit.nl\/cms\/wp-json\/wp\/v2\/pages\/137\/revisions\/252"}],"wp:attachment":[{"href":"http:\/\/vantrigt-dewit.nl\/cms\/wp-json\/wp\/v2\/media?parent=137"}],"curies":[{"name":"wp","href":"https:\/\/api.w.org\/{rel}","templated":true}]}}